{"id":31,"date":"2020-06-11T13:05:53","date_gmt":"2020-06-11T11:05:53","guid":{"rendered":"https:\/\/inmovigestion.com\/?page_id=31"},"modified":"2020-06-22T16:33:52","modified_gmt":"2020-06-22T14:33:52","slug":"consultoria","status":"publish","type":"page","link":"https:\/\/inmovigestion.com\/index.php\/consultoria\/","title":{"rendered":"Consultor\u00eda"},"content":{"rendered":"\t\t<div data-elementor-type=\"wp-page\" data-elementor-id=\"31\" class=\"elementor elementor-31\">\n\t\t\t\t\t\t<section class=\"elementor-section elementor-top-section elementor-element elementor-element-10c4a95d elementor-section-boxed elementor-section-height-default elementor-section-height-default\" data-id=\"10c4a95d\" data-element_type=\"section\" data-e-type=\"section\" data-settings=\"{&quot;background_background&quot;:&quot;classic&quot;}\">\n\t\t\t\t\t\t\t<div class=\"elementor-background-overlay\"><\/div>\n\t\t\t\t\t\t\t<div class=\"elementor-container elementor-column-gap-default\">\n\t\t\t\t\t<div class=\"elementor-column elementor-col-100 elementor-top-column elementor-element elementor-element-216a881d\" data-id=\"216a881d\" data-element_type=\"column\" data-e-type=\"column\">\n\t\t\t<div class=\"elementor-widget-wrap elementor-element-populated\">\n\t\t\t\t\t\t<div class=\"elementor-element elementor-element-20d12d3a elementor-widget elementor-widget-text-editor\" data-id=\"20d12d3a\" data-element_type=\"widget\" data-e-type=\"widget\" data-widget_type=\"text-editor.default\">\n\t\t\t\t<div class=\"elementor-widget-container\">\n\t\t\t\t\t\t\t\t\t\n<p><strong>Consultor\u00eda<\/strong><strong>&nbsp;en bienes ra\u00edces<\/strong><strong>&nbsp;<\/strong><strong>con servicios Premium a tu alcance<\/strong>&nbsp;<\/p>\n\n\n\n<p>Somos una&nbsp;<strong>consultor\u00eda empresarial<\/strong><strong>&nbsp;en bienes ra\u00edces<\/strong>&nbsp;con un equipo experto y multidisciplinar que ayuda a empresas y a particulares a profesionalizar sus negocios. INMOVIGESTION presta sus servicios en el \u00e1mbito de la consultor\u00eda empresarial a PYMES&nbsp;y todo tipo de particulares&nbsp;ascendentes con un plus de valor: nuestro trato es cercano, pero nuestros servicios son Premium. Un tipo de consultor\u00eda que hasta ahora s\u00f3lo estaba al alcance de las grandes corporaciones se pone al servicio de&nbsp;todo el mundo. Prestamos asesoramiento y servicios de valor, haci\u00e9ndolos accesibles para tu negocio. Sin duda, lo que llevabas buscando hace tiempo y no encontrabas.&nbsp;<\/p>\n\n\n\n<p>Somos pr\u00e1cticos, efectivos y realistas y&nbsp;tratamos todo con&nbsp;la m\u00e1xima confidencialidad&nbsp;que necesitas&#8230;&nbsp;&nbsp;<\/p>\n\t\t\t\t\t\t\t\t<\/div>\n\t\t\t\t<\/div>\n\t\t\t\t\t<\/div>\n\t\t<\/div>\n\t\t\t\t\t<\/div>\n\t\t<\/section>\n\t\t\t\t<\/div>\n\t\t","protected":false},"excerpt":{"rendered":"<p>Consultor\u00eda&nbsp;en bienes ra\u00edces&nbsp;con servicios Premium a tu alcance&nbsp; Somos una&nbsp;consultor\u00eda empresarial&nbsp;en bienes ra\u00edces&nbsp;con un equipo experto y multidisciplinar que ayuda a empresas y a particulares a profesionalizar sus negocios. INMOVIGESTION presta sus servicios en el \u00e1mbito de la consultor\u00eda empresarial a PYMES&nbsp;y todo tipo de particulares&nbsp;ascendentes con un plus de valor: nuestro trato es cercano, [&hellip;]<\/p>\n","protected":false},"author":1,"featured_media":0,"parent":0,"menu_order":0,"comment_status":"closed","ping_status":"closed","template":"elementor_header_footer","meta":{"site-sidebar-layout":"default","site-content-layout":"default","ast-site-content-layout":"default","site-content-style":"default","site-sidebar-style":"default","ast-global-header-display":"","ast-banner-title-visibility":"","ast-main-header-display":"","ast-hfb-above-header-display":"","ast-hfb-below-header-display":"","ast-hfb-mobile-header-display":"","site-post-title":"","ast-breadcrumbs-content":"","ast-featured-img":"","footer-sml-layout":"","ast-disable-related-posts":"","theme-transparent-header-meta":"default","adv-header-id-meta":"","stick-header-meta":"","header-above-stick-meta":"","header-main-stick-meta":"","header-below-stick-meta":"","astra-migrate-meta-layouts":"default","ast-page-background-enabled":"default","ast-page-background-meta":{"desktop":{"background-color":"","background-image":"","background-repeat":"repeat","background-position":"center center","background-size":"auto","background-attachment":"scroll","background-type":"","background-media":"","overlay-type":"","overlay-color":"","overlay-opacity":"","overlay-gradient":""},"tablet":{"background-color":"","background-image":"","background-repeat":"repeat","background-position":"center center","background-size":"auto","background-attachment":"scroll","background-type":"","background-media":"","overlay-type":"","overlay-color":"","overlay-opacity":"","overlay-gradient":""},"mobile":{"background-color":"","background-image":"","background-repeat":"repeat","background-position":"center center","background-size":"auto","background-attachment":"scroll","background-type":"","background-media":"","overlay-type":"","overlay-color":"","overlay-opacity":"","overlay-gradient":""}},"ast-content-background-meta":{"desktop":{"background-color":"var(--ast-global-color-4)","background-image":"","background-repeat":"repeat","background-position":"center center","background-size":"auto","background-attachment":"scroll","background-type":"","background-media":"","overlay-type":"","overlay-color":"","overlay-opacity":"","overlay-gradient":""},"tablet":{"background-color":"var(--ast-global-color-4)","background-image":"","background-repeat":"repeat","background-position":"center center","background-size":"auto","background-attachment":"scroll","background-type":"","background-media":"","overlay-type":"","overlay-color":"","overlay-opacity":"","overlay-gradient":""},"mobile":{"background-color":"var(--ast-global-color-4)","background-image":"","background-repeat":"repeat","background-position":"center center","background-size":"auto","background-attachment":"scroll","background-type":"","background-media":"","overlay-type":"","overlay-color":"","overlay-opacity":"","overlay-gradient":""}},"footnotes":""},"class_list":["post-31","page","type-page","status-publish","hentry"],"_links":{"self":[{"href":"https:\/\/inmovigestion.com\/index.php\/wp-json\/wp\/v2\/pages\/31","targetHints":{"allow":["GET"]}}],"collection":[{"href":"https:\/\/inmovigestion.com\/index.php\/wp-json\/wp\/v2\/pages"}],"about":[{"href":"https:\/\/inmovigestion.com\/index.php\/wp-json\/wp\/v2\/types\/page"}],"author":[{"embeddable":true,"href":"https:\/\/inmovigestion.com\/index.php\/wp-json\/wp\/v2\/users\/1"}],"replies":[{"embeddable":true,"href":"https:\/\/inmovigestion.com\/index.php\/wp-json\/wp\/v2\/comments?post=31"}],"version-history":[{"count":3,"href":"https:\/\/inmovigestion.com\/index.php\/wp-json\/wp\/v2\/pages\/31\/revisions"}],"predecessor-version":[{"id":118,"href":"https:\/\/inmovigestion.com\/index.php\/wp-json\/wp\/v2\/pages\/31\/revisions\/118"}],"wp:attachment":[{"href":"https:\/\/inmovigestion.com\/index.php\/wp-json\/wp\/v2\/media?parent=31"}],"curies":[{"name":"wp","href":"https:\/\/api.w.org\/{rel}","templated":true}]}}