{"id":21,"date":"2020-06-11T13:04:34","date_gmt":"2020-06-11T11:04:34","guid":{"rendered":"https:\/\/inmovigestion.com\/?page_id=21"},"modified":"2020-07-21T11:36:16","modified_gmt":"2020-07-21T09:36:16","slug":"la-empresa","status":"publish","type":"page","link":"https:\/\/inmovigestion.com\/index.php\/la-empresa\/","title":{"rendered":"La Empresa"},"content":{"rendered":"\t\t<div data-elementor-type=\"wp-page\" data-elementor-id=\"21\" class=\"elementor elementor-21\">\n\t\t\t\t\t\t<section class=\"elementor-section elementor-top-section elementor-element elementor-element-27e015e4 elementor-section-boxed elementor-section-height-default elementor-section-height-default\" data-id=\"27e015e4\" data-element_type=\"section\" data-e-type=\"section\" data-settings=\"{&quot;background_background&quot;:&quot;classic&quot;}\">\n\t\t\t\t\t\t\t<div class=\"elementor-background-overlay\"><\/div>\n\t\t\t\t\t\t\t<div class=\"elementor-container elementor-column-gap-default\">\n\t\t\t\t\t<div class=\"elementor-column elementor-col-100 elementor-top-column elementor-element elementor-element-70e5bd35\" data-id=\"70e5bd35\" data-element_type=\"column\" data-e-type=\"column\">\n\t\t\t<div class=\"elementor-widget-wrap elementor-element-populated\">\n\t\t\t\t\t\t<div class=\"elementor-element elementor-element-14585165 elementor-widget elementor-widget-text-editor\" data-id=\"14585165\" data-element_type=\"widget\" data-e-type=\"widget\" data-widget_type=\"text-editor.default\">\n\t\t\t\t<div class=\"elementor-widget-container\">\n\t\t\t\t\t\t\t\t\t\n<p><strong>MISI\u00d3N, VISI\u00d3N Y VALORES<\/strong>&nbsp;<\/p>\n\n\n\n<p><strong>Visi\u00f3n<\/strong>&nbsp;<\/p>\n\n\n\n<p>Ser referentes en el sector de bienes ra\u00edces de muchos hogares a lo largo de la geograf\u00eda valenciana, y facilitar el empoderamiento de las personas a trav\u00e9s de la \u00abOportunidad&nbsp;Inmovigestion\u00bb.&nbsp;<\/p>\n\n\n\n<p><strong>Misi\u00f3n<\/strong>&nbsp;<\/p>\n\n\n\n<p>Somos una empresa l\u00edder en gesti\u00f3n, an\u00e1lisis y comercializaci\u00f3n de productos inmobiliarios de alta calidad de servicios.&nbsp;<br>Impulsamos la cultura del \u00abtratar seriamente y como se merece un patrimonio inmobiliario\u00bb, convencidos de lo importante y delicado que conlleva&nbsp;gestionarlo .&nbsp;<br>Trabajamos para ser la mejor opci\u00f3n de venta directa, para personas con inquietud en ser due\u00f1as de su propio emprendimiento.&nbsp;&nbsp;<br>Articulamos nuestras metas con las de nuestros colaboradores, ofreciendo un espacio que fomenta su desarrollo profesional y el trabajo en equipo.&nbsp;<br>Trabajamos la calidad de todos nuestros procesos para hacer de&nbsp;Inmovigestion&nbsp;una empresa de excelencia.&nbsp;<\/p>\n\n\n\n<p><strong>Valor<\/strong>&nbsp;<\/p>\n\n\n\n<p><strong>Desarrollo sustentable<\/strong>&nbsp;<\/p>\n\n\n\n<p>Buscamos que el desarrollo de nuestro negocio contemple las demandas de cada uno de los grupos de inter\u00e9s que lo conforman, ocup\u00e1ndonos de los resultados econ\u00f3micos y del impacto de nuestras decisiones en el desarrollo social y en el cuidado del entorno inmobiliario tan invasivo.&nbsp;&nbsp;<\/p>\n\n\n\n<p><strong>Pasi\u00f3n<\/strong>&nbsp;<\/p>\n\n\n\n<p>La pasi\u00f3n es uno de los motores que contribuy\u00f3 a crear&nbsp;Inmovigestion, y por ello, vivimos intensamente el negocio y ponemos el m\u00e1ximo entusiasmo en lo que hacemos.&nbsp;<\/p>\n\n\n\n<p><strong>Integridad<\/strong>&nbsp;<\/p>\n\n\n\n<p>Nuestras pautas de conducta morales est\u00e1n presentes en la toma de decisiones de negocios. Honramos la palabra comprometida.&nbsp;<\/p>\n\n\n\n<p><strong>Humildad<\/strong>&nbsp;<\/p>\n\n\n\n<p>Creemos en la actitud de servicio, la empat\u00eda y la capacidad de aprender de cada experiencia.&nbsp;<\/p>\n\n\n\n<p><strong>Mentalidad abierta<\/strong>&nbsp;<\/p>\n\n\n\n<p>Buscamos permanentemente nuevas ideas y el desarrollo de \u201cbuenas pr\u00e1cticas\u201d. Estamos abiertos a escuchar, como fuente de creatividad e innovaci\u00f3n.&nbsp;<\/p>\n\n\n\n<p><strong>Compromiso<\/strong>&nbsp;<\/p>\n\n\n\n<p>Estamos comprometidos en cumplir nuestra declaraci\u00f3n de Visi\u00f3n y Misi\u00f3n llev\u00e1ndolas adelante en base a los valores de&nbsp;Inmovigestion.&nbsp;<\/p>\n\t\t\t\t\t\t\t\t<\/div>\n\t\t\t\t<\/div>\n\t\t\t\t\t<\/div>\n\t\t<\/div>\n\t\t\t\t\t<\/div>\n\t\t<\/section>\n\t\t\t\t<\/div>\n\t\t","protected":false},"excerpt":{"rendered":"<p>MISI\u00d3N, VISI\u00d3N Y VALORES&nbsp; Visi\u00f3n&nbsp; Ser referentes en el sector de bienes ra\u00edces de muchos hogares a lo largo de la geograf\u00eda valenciana, y facilitar el empoderamiento de las personas a trav\u00e9s de la \u00abOportunidad&nbsp;Inmovigestion\u00bb.&nbsp; Misi\u00f3n&nbsp; Somos una empresa l\u00edder en gesti\u00f3n, an\u00e1lisis y comercializaci\u00f3n de productos inmobiliarios de alta calidad de servicios.&nbsp;Impulsamos la cultura [&hellip;]<\/p>\n","protected":false},"author":1,"featured_media":0,"parent":0,"menu_order":0,"comment_status":"closed","ping_status":"closed","template":"elementor_header_footer","meta":{"site-sidebar-layout":"default","site-content-layout":"default","ast-site-content-layout":"default","site-content-style":"default","site-sidebar-style":"default","ast-global-header-display":"","ast-banner-title-visibility":"","ast-main-header-display":"","ast-hfb-above-header-display":"","ast-hfb-below-header-display":"","ast-hfb-mobile-header-display":"","site-post-title":"","ast-breadcrumbs-content":"","ast-featured-img":"","footer-sml-layout":"","ast-disable-related-posts":"","theme-transparent-header-meta":"default","adv-header-id-meta":"","stick-header-meta":"","header-above-stick-meta":"","header-main-stick-meta":"","header-below-stick-meta":"","astra-migrate-meta-layouts":"default","ast-page-background-enabled":"default","ast-page-background-meta":{"desktop":{"background-color":"","background-image":"","background-repeat":"repeat","background-position":"center center","background-size":"auto","background-attachment":"scroll","background-type":"","background-media":"","overlay-type":"","overlay-color":"","overlay-opacity":"","overlay-gradient":""},"tablet":{"background-color":"","background-image":"","background-repeat":"repeat","background-position":"center center","background-size":"auto","background-attachment":"scroll","background-type":"","background-media":"","overlay-type":"","overlay-color":"","overlay-opacity":"","overlay-gradient":""},"mobile":{"background-color":"","background-image":"","background-repeat":"repeat","background-position":"center center","background-size":"auto","background-attachment":"scroll","background-type":"","background-media":"","overlay-type":"","overlay-color":"","overlay-opacity":"","overlay-gradient":""}},"ast-content-background-meta":{"desktop":{"background-color":"var(--ast-global-color-4)","background-image":"","background-repeat":"repeat","background-position":"center center","background-size":"auto","background-attachment":"scroll","background-type":"","background-media":"","overlay-type":"","overlay-color":"","overlay-opacity":"","overlay-gradient":""},"tablet":{"background-color":"var(--ast-global-color-4)","background-image":"","background-repeat":"repeat","background-position":"center center","background-size":"auto","background-attachment":"scroll","background-type":"","background-media":"","overlay-type":"","overlay-color":"","overlay-opacity":"","overlay-gradient":""},"mobile":{"background-color":"var(--ast-global-color-4)","background-image":"","background-repeat":"repeat","background-position":"center center","background-size":"auto","background-attachment":"scroll","background-type":"","background-media":"","overlay-type":"","overlay-color":"","overlay-opacity":"","overlay-gradient":""}},"footnotes":""},"class_list":["post-21","page","type-page","status-publish","hentry"],"_links":{"self":[{"href":"https:\/\/inmovigestion.com\/index.php\/wp-json\/wp\/v2\/pages\/21","targetHints":{"allow":["GET"]}}],"collection":[{"href":"https:\/\/inmovigestion.com\/index.php\/wp-json\/wp\/v2\/pages"}],"about":[{"href":"https:\/\/inmovigestion.com\/index.php\/wp-json\/wp\/v2\/types\/page"}],"author":[{"embeddable":true,"href":"https:\/\/inmovigestion.com\/index.php\/wp-json\/wp\/v2\/users\/1"}],"replies":[{"embeddable":true,"href":"https:\/\/inmovigestion.com\/index.php\/wp-json\/wp\/v2\/comments?post=21"}],"version-history":[{"count":3,"href":"https:\/\/inmovigestion.com\/index.php\/wp-json\/wp\/v2\/pages\/21\/revisions"}],"predecessor-version":[{"id":119,"href":"https:\/\/inmovigestion.com\/index.php\/wp-json\/wp\/v2\/pages\/21\/revisions\/119"}],"wp:attachment":[{"href":"https:\/\/inmovigestion.com\/index.php\/wp-json\/wp\/v2\/media?parent=21"}],"curies":[{"name":"wp","href":"https:\/\/api.w.org\/{rel}","templated":true}]}}